{"id":370,"date":"2025-04-01T09:00:03","date_gmt":"2025-04-01T09:00:03","guid":{"rendered":"https:\/\/karmicaction.org\/?page_id=370"},"modified":"2025-04-15T18:25:24","modified_gmt":"2025-04-15T18:25:24","slug":"our-programs","status":"publish","type":"page","link":"https:\/\/karmicaction.org\/es\/our-programs\/","title":{"rendered":"Nuestros Programas"},"content":{"rendered":"<div data-elementor-type=\"wp-page\" data-elementor-id=\"370\" class=\"elementor elementor-370\" data-elementor-post-type=\"page\">\n\t\t\t\t<div class=\"elementor-element elementor-element-2c0c224 e-flex e-con-boxed e-con e-parent\" data-id=\"2c0c224\" data-element_type=\"container\" data-settings=\"{&quot;background_background&quot;:&quot;gradient&quot;}\">\n\t\t\t\t\t<div class=\"e-con-inner\">\n\t\t<div class=\"elementor-element elementor-element-5c00b96 e-con-full e-flex e-con e-child\" data-id=\"5c00b96\" data-element_type=\"container\">\n\t\t<div class=\"elementor-element elementor-element-2bc7a34 e-con-full e-flex e-con e-child\" data-id=\"2bc7a34\" data-element_type=\"container\">\n\t\t\t\t<div class=\"elementor-element elementor-element-e506a4a elementor-widget elementor-widget-image\" data-id=\"e506a4a\" data-element_type=\"widget\" data-widget_type=\"image.default\">\n\t\t\t\t<div class=\"elementor-widget-container\">\n\t\t\t\t\t\t\t\t\t\t\t\t\t\t\t<img fetchpriority=\"high\" decoding=\"async\" width=\"834\" height=\"1134\" src=\"https:\/\/karmicaction.org\/wp-content\/uploads\/2025\/04\/Screen-Shot-2025-03-25-at-4.22.02-AM.png\" class=\"attachment-full size-full wp-image-373\" alt=\"\" srcset=\"https:\/\/karmicaction.org\/wp-content\/uploads\/2025\/04\/Screen-Shot-2025-03-25-at-4.22.02-AM.png 834w, https:\/\/karmicaction.org\/wp-content\/uploads\/2025\/04\/Screen-Shot-2025-03-25-at-4.22.02-AM-221x300.png 221w, https:\/\/karmicaction.org\/wp-content\/uploads\/2025\/04\/Screen-Shot-2025-03-25-at-4.22.02-AM-753x1024.png 753w, https:\/\/karmicaction.org\/wp-content\/uploads\/2025\/04\/Screen-Shot-2025-03-25-at-4.22.02-AM-768x1044.png 768w\" sizes=\"(max-width: 834px) 100vw, 834px\" \/>\t\t\t\t\t\t\t\t\t\t\t\t\t\t\t<\/div>\n\t\t\t\t<\/div>\n\t\t\t\t<\/div>\n\t\t<div class=\"elementor-element elementor-element-785ff2a e-con-full e-flex e-con e-child\" data-id=\"785ff2a\" data-element_type=\"container\" data-settings=\"{&quot;background_background&quot;:&quot;classic&quot;}\">\n\t\t\t\t<div class=\"elementor-element elementor-element-f09ee5c elementor-widget elementor-widget-text-editor\" data-id=\"f09ee5c\" data-element_type=\"widget\" data-widget_type=\"text-editor.default\">\n\t\t\t\t<div class=\"elementor-widget-container\">\n\t\t\t\t\t\t\t\t\t<p><strong>Roots In Motion (RIM)<\/strong> cultiva la salud y la resiliencia intergeneracionales en comunidades de color de bajos ingresos a trav\u00e9s de aventuras al aire libre y actividades basadas en el movimiento.<\/p><p>En RIM nos enfocamos en programas que benefician tanto al cuerpo como a la mente. Nuestros eventos de bienestar comunitario incluyen Ciclismo, Senderismo y Caminata por el Bienestar, y las sesiones de video de bienestar \"Hablemos de ello\". Tambi\u00e9n organizamos recorridos en bicicleta y eventos de mochilerismo. Bajo el programa RIM, LA Rooted ofrece a los j\u00f3venes una educaci\u00f3n que los empodera en la gesti\u00f3n ambiental, el liderazgo comunitario y la sabidur\u00eda ancestral.<\/p><p><a href=\"https:\/\/rootsinmotion.org\/\"><span style=\"text-decoration: underline;\">Visita el sitio web de RIM<\/span> \u2192<\/a><\/p>\t\t\t\t\t\t\t\t<\/div>\n\t\t\t\t<\/div>\n\t\t<a class=\"elementor-element elementor-element-1e502f9 e-con-full offset-outline-inner e-flex e-con e-child\" data-id=\"1e502f9\" data-element_type=\"container\" aria-hidden=\"true\" href=\"https:\/\/rootsinmotion.org\/\">\n\t\t\t\t<\/a>\n\t\t\t\t<\/div>\n\t\t\t\t<\/div>\n\t\t<div class=\"elementor-element elementor-element-7fff475 e-con-full e-flex e-con e-child\" data-id=\"7fff475\" data-element_type=\"container\">\n\t\t<div class=\"elementor-element elementor-element-c7d9ee2 e-con-full e-flex e-con e-child\" data-id=\"c7d9ee2\" data-element_type=\"container\" data-settings=\"{&quot;background_background&quot;:&quot;classic&quot;}\">\n\t\t\t\t<div class=\"elementor-element elementor-element-f23101b elementor-widget elementor-widget-text-editor\" data-id=\"f23101b\" data-element_type=\"widget\" data-widget_type=\"text-editor.default\">\n\t\t\t\t<div class=\"elementor-widget-container\">\n\t\t\t\t\t\t\t\t\t<p><b>Reparaci\u00f3n de bicicletas comunitarias Bici-libre <\/b>se solidariza con los jornaleros, las personas sin hogar y las organizaciones locales, brind\u00e1ndoles servicios esenciales de reparaci\u00f3n de bicicletas y apoyo. Nuestra misi\u00f3n es empoderar a estas comunidades mediante transporte accesible, fomentando el bienestar mental y la resiliencia econ\u00f3mica.<\/p><p>Al desafiar las disparidades en la salud y la desigualdad sist\u00e9mica, utilizamos la bicicleta como una herramienta para la fortaleza de la comunidad, la movilidad y la justicia.<\/p><p><a href=\"https:\/\/bicilibre.com\/\">Visita el sitio web de Bici-Libre \u2192<\/a><\/p>\t\t\t\t\t\t\t\t<\/div>\n\t\t\t\t<\/div>\n\t\t<a class=\"elementor-element elementor-element-b43afa3 e-con-full offset-outline-inner e-flex e-con e-child\" data-id=\"b43afa3\" data-element_type=\"container\" aria-hidden=\"true\" href=\"https:\/\/bicilibre.com\/\">\n\t\t\t\t<\/a>\n\t\t\t\t<\/div>\n\t\t<div class=\"elementor-element elementor-element-8488860 e-con-full e-flex e-con e-child\" data-id=\"8488860\" data-element_type=\"container\" data-settings=\"{&quot;background_background&quot;:&quot;classic&quot;}\">\n\t\t\t\t<div class=\"elementor-element elementor-element-50d7150 elementor-widget elementor-widget-image\" data-id=\"50d7150\" data-element_type=\"widget\" data-widget_type=\"image.default\">\n\t\t\t\t<div class=\"elementor-widget-container\">\n\t\t\t\t\t\t\t\t\t\t\t\t\t\t\t<img decoding=\"async\" width=\"1083\" height=\"805\" src=\"https:\/\/karmicaction.org\/wp-content\/uploads\/2024\/05\/IMG_3586.jpg\" class=\"attachment-full size-full wp-image-10\" alt=\"\" srcset=\"https:\/\/karmicaction.org\/wp-content\/uploads\/2024\/05\/IMG_3586.jpg 1083w, https:\/\/karmicaction.org\/wp-content\/uploads\/2024\/05\/IMG_3586-300x223.jpg 300w, https:\/\/karmicaction.org\/wp-content\/uploads\/2024\/05\/IMG_3586-1024x761.jpg 1024w, https:\/\/karmicaction.org\/wp-content\/uploads\/2024\/05\/IMG_3586-768x571.jpg 768w\" sizes=\"(max-width: 1083px) 100vw, 1083px\" \/>\t\t\t\t\t\t\t\t\t\t\t\t\t\t\t<\/div>\n\t\t\t\t<\/div>\n\t\t\t\t<\/div>\n\t\t\t\t<\/div>\n\t\t\t\t\t<\/div>\n\t\t\t\t<\/div>\n\t\t<div class=\"elementor-element elementor-element-66029e0 e-con-full e-flex e-con e-parent\" data-id=\"66029e0\" data-element_type=\"container\" data-settings=\"{&quot;background_background&quot;:&quot;classic&quot;}\">\n\t\t\t\t<div class=\"elementor-element elementor-element-c19dfef elementor-widget elementor-widget-heading\" data-id=\"c19dfef\" data-element_type=\"widget\" data-widget_type=\"heading.default\">\n\t\t\t\t<div class=\"elementor-widget-container\">\n\t\t\t\t\t<h2 class=\"elementor-heading-title elementor-size-default\">Apoye nuestros programas<\/h2>\t\t\t\t<\/div>\n\t\t\t\t<\/div>\n\t\t<div class=\"elementor-element elementor-element-bddb7b0 e-con-full e-flex e-con e-child\" data-id=\"bddb7b0\" data-element_type=\"container\">\n\t\t<div class=\"elementor-element elementor-element-e9387cc e-con-full e-flex e-con e-child\" data-id=\"e9387cc\" data-element_type=\"container\" data-settings=\"{&quot;background_background&quot;:&quot;classic&quot;}\">\n\t\t\t\t<div class=\"elementor-element elementor-element-e98937a elementor-widget elementor-widget-heading\" data-id=\"e98937a\" data-element_type=\"widget\" data-widget_type=\"heading.default\">\n\t\t\t\t<div class=\"elementor-widget-container\">\n\t\t\t\t\t<h3 class=\"elementor-heading-title elementor-size-default\">Roots In Motion<\/h3>\t\t\t\t<\/div>\n\t\t\t\t<\/div>\n\t\t\t\t<div class=\"elementor-element elementor-element-6882d5a elementor-widget elementor-widget-html\" data-id=\"6882d5a\" data-element_type=\"widget\" data-widget_type=\"html.default\">\n\t\t\t\t<div class=\"elementor-widget-container\">\n\t\t\t\t\t<div style=\"position:relative;overflow:hidden;height:500px;width:100%;\"><iframe title='Donaciones realizadas por Zeffy' style='position: absolute; border: 0; top:0;left:0;bottom:0;right:0;width:100%;height:100%' src='https:\/\/www.zeffy.com\/embed\/donation-form\/donate-to-make-a-difference-9898' allowpaymentrequest allowtransparency=\"true\"><\/iframe><\/div>\t\t\t\t<\/div>\n\t\t\t\t<\/div>\n\t\t\t\t<\/div>\n\t\t<div class=\"elementor-element elementor-element-ab9bf75 e-con-full e-flex e-con e-child\" data-id=\"ab9bf75\" data-element_type=\"container\" data-settings=\"{&quot;background_background&quot;:&quot;classic&quot;}\">\n\t\t\t\t<div class=\"elementor-element elementor-element-0bd5967 elementor-widget elementor-widget-heading\" data-id=\"0bd5967\" data-element_type=\"widget\" data-widget_type=\"heading.default\">\n\t\t\t\t<div class=\"elementor-widget-container\">\n\t\t\t\t\t<h3 class=\"elementor-heading-title elementor-size-default\">BiciLibre<\/h3>\t\t\t\t<\/div>\n\t\t\t\t<\/div>\n\t\t\t\t<div class=\"elementor-element elementor-element-c6f448f elementor-widget elementor-widget-html\" data-id=\"c6f448f\" data-element_type=\"widget\" data-widget_type=\"html.default\">\n\t\t\t\t<div class=\"elementor-widget-container\">\n\t\t\t\t\t<div style=\"position:relative;overflow:hidden;height:500px;width:100%;\"><iframe title='Donaciones realizadas por Zeffy' style='position: absolute; border: 0; top:0;left:0;bottom:0;right:0;width:100%;height:100%' src='https:\/\/www.zeffy.com\/embed\/donation-form\/bike-giveaway-and-repair-for-houseless' allowpaymentrequest allowtransparency=\"true\"><\/iframe><\/div>\t\t\t\t<\/div>\n\t\t\t\t<\/div>\n\t\t\t\t<\/div>\n\t\t\t\t<\/div>\n\t\t\t\t<\/div>\n\t\t\t\t<\/div>","protected":false},"excerpt":{"rendered":"<p>Roots In Motion (RIM) cultivates intergenerational health and resilience in low-income communities of color through outdoor adventures and movement-based activities. At RIM we focus on programming that helps both body and mind. Our community wellness events include Bike, Hike, and Walk for Wellness and the &#8220;Let&#8217;s Talk About It&#8221; video wellness sessions. We also organizes [&hellip;]<\/p>","protected":false},"author":1,"featured_media":0,"parent":0,"menu_order":0,"comment_status":"closed","ping_status":"closed","template":"","meta":{"_monsterinsights_skip_tracking":false,"_monsterinsights_sitenote_active":false,"_monsterinsights_sitenote_note":"","_monsterinsights_sitenote_category":0,"footnotes":""},"class_list":["post-370","page","type-page","status-publish","hentry"],"aioseo_notices":[],"_links":{"self":[{"href":"https:\/\/karmicaction.org\/es\/wp-json\/wp\/v2\/pages\/370","targetHints":{"allow":["GET"]}}],"collection":[{"href":"https:\/\/karmicaction.org\/es\/wp-json\/wp\/v2\/pages"}],"about":[{"href":"https:\/\/karmicaction.org\/es\/wp-json\/wp\/v2\/types\/page"}],"author":[{"embeddable":true,"href":"https:\/\/karmicaction.org\/es\/wp-json\/wp\/v2\/users\/1"}],"replies":[{"embeddable":true,"href":"https:\/\/karmicaction.org\/es\/wp-json\/wp\/v2\/comments?post=370"}],"version-history":[{"count":139,"href":"https:\/\/karmicaction.org\/es\/wp-json\/wp\/v2\/pages\/370\/revisions"}],"predecessor-version":[{"id":865,"href":"https:\/\/karmicaction.org\/es\/wp-json\/wp\/v2\/pages\/370\/revisions\/865"}],"wp:attachment":[{"href":"https:\/\/karmicaction.org\/es\/wp-json\/wp\/v2\/media?parent=370"}],"curies":[{"name":"wp","href":"https:\/\/api.w.org\/{rel}","templated":true}]}}